{"id":143,"date":"2022-11-29T21:16:13","date_gmt":"2022-11-29T21:16:13","guid":{"rendered":"https:\/\/nostalgiband.dk\/?page_id=143"},"modified":"2022-12-01T10:06:57","modified_gmt":"2022-12-01T10:06:57","slug":"solister","status":"publish","type":"page","link":"https:\/\/nostalgiband.dk\/?page_id=143","title":{"rendered":"SOLISTER"},"content":{"rendered":"\n<p class=\"has-text-align-center\">NOSTALGI har tidligere fungeret som backing band for kendte solister bl.a.<br>C\u00e6cilie Nordbye \/ Nina Forsberg, Shaka Loveless, Stine Bramsen, Bobo Moreno, Jakob Sveistrup, m.fl.<br><br>Skriv en mail til <a rel=\"noreferrer noopener\" href=\"mailto:info@chmusic.dk\" target=\"_blank\">info@chmusic.dk<\/a> og h\u00f8r om bandet kan spille med den solist I gerne vil have til jeres fest<br><br>CH MUSIC kan b\u00e5de formidle kontakten men ogs\u00e5 st\u00e5 for al koordinering og al &#8220;papirarbejdet&#8221;, <br>da vi gennem mange \u00e5r har oparbejdet gode relationer til diverse bookingbureauer i Danmark<\/p>\n\n\n\n<blockquote class=\"wp-block-quote is-layout-flow wp-block-quote-is-layout-flow\">\n<p><\/p>\n<\/blockquote>\n\n\n\n<div style=\"height:43px\" aria-hidden=\"true\" class=\"wp-block-spacer\"><\/div>\n\n\n\n<div class=\"wp-block-columns is-layout-flex wp-container-core-columns-is-layout-28f84493 wp-block-columns-is-layout-flex\">\n<div class=\"wp-block-column is-layout-flow wp-block-column-is-layout-flow\">\n<figure class=\"wp-block-image size-large is-resized\"><img loading=\"lazy\" decoding=\"async\" src=\"https:\/\/nostalgiband.dk\/wp-content\/uploads\/2022\/11\/Nostalgi-og-Caecilie-og-Nina-1024x797.jpg\" alt=\"\" class=\"wp-image-208\" width=\"489\" height=\"380\" srcset=\"https:\/\/nostalgiband.dk\/wp-content\/uploads\/2022\/11\/Nostalgi-og-Caecilie-og-Nina-1024x797.jpg 1024w, https:\/\/nostalgiband.dk\/wp-content\/uploads\/2022\/11\/Nostalgi-og-Caecilie-og-Nina-300x233.jpg 300w, https:\/\/nostalgiband.dk\/wp-content\/uploads\/2022\/11\/Nostalgi-og-Caecilie-og-Nina-768x597.jpg 768w, https:\/\/nostalgiband.dk\/wp-content\/uploads\/2022\/11\/Nostalgi-og-Caecilie-og-Nina-1536x1195.jpg 1536w, https:\/\/nostalgiband.dk\/wp-content\/uploads\/2022\/11\/Nostalgi-og-Caecilie-og-Nina-2048x1593.jpg 2048w\" sizes=\"auto, (max-width: 489px) 100vw, 489px\" \/><\/figure>\n<\/div>\n\n\n\n<div class=\"wp-block-column is-layout-flow wp-block-column-is-layout-flow\">\n<figure class=\"wp-block-image size-large is-resized\"><img loading=\"lazy\" decoding=\"async\" src=\"https:\/\/nostalgiband.dk\/wp-content\/uploads\/2022\/11\/Nostalgi-Shaka-KC2017-2-1024x874.jpg\" alt=\"\" class=\"wp-image-173\" width=\"435\" height=\"370\" srcset=\"https:\/\/nostalgiband.dk\/wp-content\/uploads\/2022\/11\/Nostalgi-Shaka-KC2017-2-1024x874.jpg 1024w, https:\/\/nostalgiband.dk\/wp-content\/uploads\/2022\/11\/Nostalgi-Shaka-KC2017-2-300x256.jpg 300w, https:\/\/nostalgiband.dk\/wp-content\/uploads\/2022\/11\/Nostalgi-Shaka-KC2017-2-768x655.jpg 768w, https:\/\/nostalgiband.dk\/wp-content\/uploads\/2022\/11\/Nostalgi-Shaka-KC2017-2.jpg 1520w\" sizes=\"auto, (max-width: 435px) 100vw, 435px\" \/><\/figure>\n<\/div>\n<\/div>\n\n\n\n<blockquote class=\"wp-block-quote is-layout-flow wp-block-quote-is-layout-flow\">\n<p>&#8220;Vi f\u00f8lte os trygge hele vejen gennem &#8211; lige fra det f\u00f8rste m\u00f8de med Claus og til der blev sagt tak for i aften&#8221;<\/p>\n<cite>Rikke &#8211; Personalechef<\/cite><\/blockquote>\n\n\n\n<p><\/p>\n\n\n\n<blockquote class=\"wp-block-quote is-layout-flow wp-block-quote-is-layout-flow\">\n<p>&#8220;Som leder af en virksomhed er kommunikation noget af det vigtigste for mig, og d\u00e9n disciplin form\u00e5r Claus\/CH Music til fulde. Virkelig professionel h\u00e5ndtering af planl\u00e6gning og afvikling af musik og underholdning til vores firmafest&#8221;<\/p>\n<cite>Lars &#8211; Direkt\u00f8r<\/cite><\/blockquote>\n","protected":false},"excerpt":{"rendered":"<p>NOSTALGI har tidligere fungeret som backing band for kendte solister bl.a.C\u00e6cilie Nordbye \/ Nina Forsberg, Shaka Loveless, Stine Bramsen, Bobo Moreno, Jakob Sveistrup, m.fl. Skriv en mail til info@chmusic.dk og<a href=\"https:\/\/nostalgiband.dk\/?page_id=143\" class=\"more-link\"><span class=\"readmore\">Continue reading<span class=\"screen-reader-text\">SOLISTER<\/span><\/span><\/a><\/p>\n","protected":false},"author":2,"featured_media":0,"parent":0,"menu_order":0,"comment_status":"closed","ping_status":"closed","template":"","meta":{"footnotes":""},"class_list":["post-143","page","type-page","status-publish","hentry"],"_links":{"self":[{"href":"https:\/\/nostalgiband.dk\/index.php?rest_route=\/wp\/v2\/pages\/143","targetHints":{"allow":["GET"]}}],"collection":[{"href":"https:\/\/nostalgiband.dk\/index.php?rest_route=\/wp\/v2\/pages"}],"about":[{"href":"https:\/\/nostalgiband.dk\/index.php?rest_route=\/wp\/v2\/types\/page"}],"author":[{"embeddable":true,"href":"https:\/\/nostalgiband.dk\/index.php?rest_route=\/wp\/v2\/users\/2"}],"replies":[{"embeddable":true,"href":"https:\/\/nostalgiband.dk\/index.php?rest_route=%2Fwp%2Fv2%2Fcomments&post=143"}],"version-history":[{"count":35,"href":"https:\/\/nostalgiband.dk\/index.php?rest_route=\/wp\/v2\/pages\/143\/revisions"}],"predecessor-version":[{"id":265,"href":"https:\/\/nostalgiband.dk\/index.php?rest_route=\/wp\/v2\/pages\/143\/revisions\/265"}],"wp:attachment":[{"href":"https:\/\/nostalgiband.dk\/index.php?rest_route=%2Fwp%2Fv2%2Fmedia&parent=143"}],"curies":[{"name":"wp","href":"https:\/\/api.w.org\/{rel}","templated":true}]}}