{"id":25,"date":"2022-11-28T19:33:32","date_gmt":"2022-11-28T19:33:32","guid":{"rendered":"https:\/\/nostalgiband.dk\/?page_id=25"},"modified":"2022-12-01T11:54:18","modified_gmt":"2022-12-01T11:54:18","slug":"kunderne-siger","status":"publish","type":"page","link":"https:\/\/nostalgiband.dk\/?page_id=25","title":{"rendered":"KUNDERNE SIGER"},"content":{"rendered":"\n<p class=\"has-text-align-center\"><br>Til vores 50 \u00e5rs jubil\u00e6umsfest var alle sejl sat, og vi havde \u2013 p\u00e5 anbefaling \u2013 valgt Claus til at st\u00e5 for musikken b\u00e5de under middagen og den efterf\u00f8lgende dans. Det var et kanon valg! Stor ros til Claus for \u2013 ene mand \u2013 at levere super og perfekt afstemt musik til middagen. Og lige s\u00e5 stor ros til hele bandet for at holde dansegulvet fyldt hele aftenen. Vi har rigtigt mange musikelskende (og musikkr\u00e6vende) kollegaer, og blandt alle var der enighed om, at vi havde taget det perfekte valg til vores firmafest. S\u00e5 det m\u00e5 blive til 6 ud af 5 mulige stjerner fra os og en klar anbefaling til alle om at betro musikken til deres n\u00e6ste fest til Claus.<br><br>Lene Weldum, direkt\u00f8r<br><br>&#8212;&#8211;<\/p>\n\n\n\n<p class=\"has-text-align-center\">Vi takker for at fuldende vores 40 \u00e5rs jubil\u00e6umsfest. Rammerne var sat til en fantastisk fest som I med Jeres gode hum\u00f8r og engagement, gjorde til en uforglemmelig aften. B\u00e5de op til -og under festen, var bandet meget hj\u00e6lpsomme med hensyn til al koordinering. I mestrer et godt og bredt repertoire som fyldte det store dansegulv hele aftenen. Vi ser frem til at f\u00e5 gl\u00e6de af Jeres dejlige dansemusik til vores n\u00e6ste fest.<br><br>Betinna, HR Chef<br><br>&#8212;&#8211;<br><br>Vi har booket NOSTALGI og Claus Hassing til flere af vores firmafester. De skaber hver gang en fantastisk stemning med musik der kan fylde dansegulvet, og med en top professionel afvikling af musikken. Kan varmt anbefales! <br><br>Thomas, Sanist\u00e5l A\/S<\/p>\n\n\n\n<p class=\"has-text-align-center\">&#8212;&#8211;<br><br>Som leder af en virksomhed er kommunikation noget af det vigtigste for mig, og d\u00e9n disciplin form\u00e5r Claus fra CH Music til fulde. Virkelig professionel h\u00e5ndtering af planl\u00e6gning og afvikling af musik og underholdning til vores firmafest.<br><br>Lars &#8211; Direkt\u00f8r<br><br>&#8212;&#8211;<br><br>Det var da for fedt. I gav den max gas og dansegulvet var fyldt fra start til slut. Det var super godt dansemusik og noget for enhver smag, vi er vildt imponeret. STOR ros herfra og alle har givet udtryk for det samme.<br>Kan varmt anbefale jer til andre, der \u00f8nsker et fantastisk band, der virkelig forst\u00e5r at skabe en god stemning.<\/p>\n\n\n\n<p class=\"has-text-align-center\">Michael &amp; Camilla<br><br>&#8212;&#8211;<br><br><br><br><br><br><br><br><br><\/p>\n","protected":false},"excerpt":{"rendered":"<p>Til vores 50 \u00e5rs jubil\u00e6umsfest var alle sejl sat, og vi havde \u2013 p\u00e5 anbefaling \u2013 valgt Claus til at st\u00e5 for musikken b\u00e5de under middagen og den efterf\u00f8lgende dans.<a href=\"https:\/\/nostalgiband.dk\/?page_id=25\" class=\"more-link\"><span class=\"readmore\">Continue reading<span class=\"screen-reader-text\">KUNDERNE SIGER<\/span><\/span><\/a><\/p>\n","protected":false},"author":2,"featured_media":0,"parent":0,"menu_order":0,"comment_status":"closed","ping_status":"closed","template":"","meta":{"footnotes":""},"class_list":["post-25","page","type-page","status-publish","hentry"],"_links":{"self":[{"href":"https:\/\/nostalgiband.dk\/index.php?rest_route=\/wp\/v2\/pages\/25","targetHints":{"allow":["GET"]}}],"collection":[{"href":"https:\/\/nostalgiband.dk\/index.php?rest_route=\/wp\/v2\/pages"}],"about":[{"href":"https:\/\/nostalgiband.dk\/index.php?rest_route=\/wp\/v2\/types\/page"}],"author":[{"embeddable":true,"href":"https:\/\/nostalgiband.dk\/index.php?rest_route=\/wp\/v2\/users\/2"}],"replies":[{"embeddable":true,"href":"https:\/\/nostalgiband.dk\/index.php?rest_route=%2Fwp%2Fv2%2Fcomments&post=25"}],"version-history":[{"count":10,"href":"https:\/\/nostalgiband.dk\/index.php?rest_route=\/wp\/v2\/pages\/25\/revisions"}],"predecessor-version":[{"id":292,"href":"https:\/\/nostalgiband.dk\/index.php?rest_route=\/wp\/v2\/pages\/25\/revisions\/292"}],"wp:attachment":[{"href":"https:\/\/nostalgiband.dk\/index.php?rest_route=%2Fwp%2Fv2%2Fmedia&parent=25"}],"curies":[{"name":"wp","href":"https:\/\/api.w.org\/{rel}","templated":true}]}}