{"id":80,"date":"2022-11-29T20:08:05","date_gmt":"2022-11-29T20:08:05","guid":{"rendered":"https:\/\/nostalgiband.dk\/?page_id=80"},"modified":"2022-12-01T11:56:29","modified_gmt":"2022-12-01T11:56:29","slug":"bandet","status":"publish","type":"page","link":"https:\/\/nostalgiband.dk\/","title":{"rendered":"ET AF DANMARKS BEDSTE OG MEST ALSIDIGE PARTY-BANDS"},"content":{"rendered":"\n<p class=\"has-text-align-center has-normal-font-size\">NOSTALGI er et 5-mands (4 m\u00e6nd + 1 sangerinde) erfarent partyband fra Nordjylland <br>med et solidt og bredt repertoire.<br>Bes\u00e6tningen er trommer, bas, keyboard, guitar og b\u00e5de en mandlig og kvindelig forsanger.<br>L\u00e6s mere om de enkelte musikere under <a href=\"https:\/\/nostalgiband.dk\/?page_id=89\" data-type=\"URL\" data-id=\"https:\/\/nostalgiband.dk\/?page_id=89\">Bandet<\/a><br><br>NOSTALGI har spillet til et hav af fester, og har eksisteret i over 20 \u00e5r i forskellige konstellationer.<br>Bandet kan udvides med b\u00e5de bl\u00e6sere, ekstra korsangere og percussionist alt efter behov og st\u00f8rrelse p\u00e5 festen.<br><br>Bandets forsanger Claus Hassing har mere end 25 \u00e5rs erfaring indenfor musik- og underholdnings-branchen, og har siden 2010 \u00e5r ogs\u00e5 turneret med det danske band <a href=\"https:\/\/www.bryanadamstribute.dk\/\" data-type=\"URL\" data-id=\"https:\/\/www.bryanadamstribute.dk\/\">Bryan Adams Tribute<\/a>. <br>Det er derfor ikke uden grund, at NOSTALGI har en god fingerspids-fornemmelse med at f\u00e5 skabt en god fest med noget af den bedste fest-musik helt tilbage fra 1960&#8217;erne og frem til idag.<br><br>I den &#8220;normale fest-pakke&#8221; medbringer NOSTALGI en DJ med som s\u00e6tter gang i festen inden bandet g\u00e5r p\u00e5, holder gang i dansegulvet i pausen OG spiller lidt efter bandet slutter. <br>P\u00e5 d\u00e9n m\u00e5de f\u00e5r du en fest med god stemning og gang i den fra start til slut. <br><br>Som udgangspunkt leverer NOSTALGI danse- og festmusik i 2 s\u00e6t p\u00e5 ca. 60-70 min. alt efter arrang\u00f8rens \u00f8nske.<br><br><a rel=\"noreferrer noopener\" href=\"mailto:info@chmusic.dk\" data-type=\"mailto\" data-id=\"mailto: info@chmusic.dk\" target=\"_blank\">Kontakt CH MUSIC<\/a> og h\u00f8r mere om muligheder og priser.<\/p>\n","protected":false},"excerpt":{"rendered":"<p>NOSTALGI er et 5-mands (4 m\u00e6nd + 1 sangerinde) erfarent partyband fra Nordjylland med et solidt og bredt repertoire.Bes\u00e6tningen er trommer, bas, keyboard, guitar og b\u00e5de en mandlig og kvindelig<a href=\"https:\/\/nostalgiband.dk\/\" class=\"more-link\"><span class=\"readmore\">Continue reading<span class=\"screen-reader-text\">ET AF DANMARKS BEDSTE OG MEST ALSIDIGE PARTY-BANDS<\/span><\/span><\/a><\/p>\n","protected":false},"author":2,"featured_media":0,"parent":0,"menu_order":0,"comment_status":"closed","ping_status":"closed","template":"","meta":{"footnotes":""},"class_list":["post-80","page","type-page","status-publish","hentry"],"_links":{"self":[{"href":"https:\/\/nostalgiband.dk\/index.php?rest_route=\/wp\/v2\/pages\/80","targetHints":{"allow":["GET"]}}],"collection":[{"href":"https:\/\/nostalgiband.dk\/index.php?rest_route=\/wp\/v2\/pages"}],"about":[{"href":"https:\/\/nostalgiband.dk\/index.php?rest_route=\/wp\/v2\/types\/page"}],"author":[{"embeddable":true,"href":"https:\/\/nostalgiband.dk\/index.php?rest_route=\/wp\/v2\/users\/2"}],"replies":[{"embeddable":true,"href":"https:\/\/nostalgiband.dk\/index.php?rest_route=%2Fwp%2Fv2%2Fcomments&post=80"}],"version-history":[{"count":16,"href":"https:\/\/nostalgiband.dk\/index.php?rest_route=\/wp\/v2\/pages\/80\/revisions"}],"predecessor-version":[{"id":295,"href":"https:\/\/nostalgiband.dk\/index.php?rest_route=\/wp\/v2\/pages\/80\/revisions\/295"}],"wp:attachment":[{"href":"https:\/\/nostalgiband.dk\/index.php?rest_route=%2Fwp%2Fv2%2Fmedia&parent=80"}],"curies":[{"name":"wp","href":"https:\/\/api.w.org\/{rel}","templated":true}]}}