{"id":84,"date":"2022-11-29T20:11:17","date_gmt":"2022-11-29T20:11:17","guid":{"rendered":"https:\/\/nostalgiband.dk\/?page_id=84"},"modified":"2023-09-11T13:53:41","modified_gmt":"2023-09-11T13:53:41","slug":"musikken","status":"publish","type":"page","link":"https:\/\/nostalgiband.dk\/?page_id=84","title":{"rendered":"MUSIKKEN"},"content":{"rendered":"\n<p class=\"has-text-align-center\">Repertoiret er s\u00e5 bredt, at NOSTALGI altid tilpasser sig aftenen.<br>N\u00f8gleordet er n\u00e6rv\u00e6r og bandet kan et hav af numre, s\u00e5 repertoiret str\u00e6kker sig fra dansevenlige 60\u2019er-klassikere,<br>funky 70\u2019er-hits og til 80\u2019er musik fra den mest nostalgiske skuffe og 90\u2019er \u00f8reh\u00e6ngere<br><br>Bem\u00e6rk det er muligt at bestille et s\u00e6t p\u00e5 45-60 mininutter kun best\u00e5ende af f.eks. 80&#8217;er musik <br>eller et helt s\u00e6t kun med Kim Larsen\/Gasolin numre.<br><br>Skriv til CH MUSIC og h\u00f8re mere om hvad jeres muligheder er for <br>at s\u00e6tte underholdningen\/musikken sammen, s\u00e5 det passer til Jeres fest.<\/p>\n\n\n\n<p><\/p>\n\n\n\n<p><br><\/p>\n\n\n\n<p class=\"has-text-align-center\"><strong>Her er et udpluk af hvad NOSTALGI kan spille til jeres fest:<\/strong><br><br>Gnags<br>Dodo and the dodos<br>Tina Turner<br>Thomas Helmig<br>TV-2<br>Gasolin<br>Laban<br>Bruce Springsteen<br>Robbie Williams<br>Gloria Gaynor<br>Kenny Rogers \/ Dolly Parton<br>Katrina And the waves<br>Bryan Adams<br>Amy Winehouse<br>Ray-Dee-Ohh<br>Police<br>The Ronettes<br>Lionel Richie<br>Paul Simon<br>Danseorkesteret<br>Rugsted\/Kreutzfeldt<br>Dolly Parton<br>Chuck Berry<br>Bruno Mars<br>Kim Larsen<br>Ed Sheeran<br>Van Morrison<br>Creedence<br>Lone Kellerman<br>Volbeat<br>Lukas Graham<br>Wham<br>Alfabeat<br>Ben E. King &amp; the drifters<br><br>og mange flere&#8230; <br><\/p>\n\n\n\n<p><\/p>\n","protected":false},"excerpt":{"rendered":"<p>Repertoiret er s\u00e5 bredt, at NOSTALGI altid tilpasser sig aftenen.N\u00f8gleordet er n\u00e6rv\u00e6r og bandet kan et hav af numre, s\u00e5 repertoiret str\u00e6kker sig fra dansevenlige 60\u2019er-klassikere,funky 70\u2019er-hits og til 80\u2019er<a href=\"https:\/\/nostalgiband.dk\/?page_id=84\" class=\"more-link\"><span class=\"readmore\">Continue reading<span class=\"screen-reader-text\">MUSIKKEN<\/span><\/span><\/a><\/p>\n","protected":false},"author":2,"featured_media":0,"parent":0,"menu_order":0,"comment_status":"closed","ping_status":"closed","template":"","meta":{"footnotes":""},"class_list":["post-84","page","type-page","status-publish","hentry"],"_links":{"self":[{"href":"https:\/\/nostalgiband.dk\/index.php?rest_route=\/wp\/v2\/pages\/84","targetHints":{"allow":["GET"]}}],"collection":[{"href":"https:\/\/nostalgiband.dk\/index.php?rest_route=\/wp\/v2\/pages"}],"about":[{"href":"https:\/\/nostalgiband.dk\/index.php?rest_route=\/wp\/v2\/types\/page"}],"author":[{"embeddable":true,"href":"https:\/\/nostalgiband.dk\/index.php?rest_route=\/wp\/v2\/users\/2"}],"replies":[{"embeddable":true,"href":"https:\/\/nostalgiband.dk\/index.php?rest_route=%2Fwp%2Fv2%2Fcomments&post=84"}],"version-history":[{"count":14,"href":"https:\/\/nostalgiband.dk\/index.php?rest_route=\/wp\/v2\/pages\/84\/revisions"}],"predecessor-version":[{"id":303,"href":"https:\/\/nostalgiband.dk\/index.php?rest_route=\/wp\/v2\/pages\/84\/revisions\/303"}],"wp:attachment":[{"href":"https:\/\/nostalgiband.dk\/index.php?rest_route=%2Fwp%2Fv2%2Fmedia&parent=84"}],"curies":[{"name":"wp","href":"https:\/\/api.w.org\/{rel}","templated":true}]}}