{"id":92,"date":"2022-11-29T20:16:56","date_gmt":"2022-11-29T20:16:56","guid":{"rendered":"https:\/\/nostalgiband.dk\/?page_id=92"},"modified":"2022-12-03T13:26:22","modified_gmt":"2022-12-03T13:26:22","slug":"kontakt","status":"publish","type":"page","link":"https:\/\/nostalgiband.dk\/?page_id=92","title":{"rendered":"KONTAKT"},"content":{"rendered":"\n<p class=\"has-text-align-center\">Booking af NOSTALGI varetages af CH MUSIC, som ogs\u00e5 kan v\u00e6re behj\u00e6lpelig med lyd \/ lyd produktion <br>via vores faste samarbejdspartnere. <br><br>Skal I bruge yderligere musik eller underholdning s\u00e5som DJ, Stand Up eller flere orkestre til samme arrangement, <br>kan CH MUSIC ogs\u00e5 v\u00e6re behj\u00e6lpelig med den del. <br><br>Skriv en mail p\u00e5 <a rel=\"noreferrer noopener\" href=\"mailto:info@chmusic.dk\" target=\"_blank\">info@chmusic.dk<\/a> og fort\u00e6l dine \u00f8nsker og behov og s\u00e5 vender vi tilbage s\u00e5 hurtigt som muligt.<br>Du kan ogs\u00e5 ringe p\u00e5 26 79 06 60 og evt. l\u00e6gge en besked<\/p>\n\n\n\n<p><\/p>\n\n\n\n<figure class=\"wp-block-image size-full is-resized\"><img loading=\"lazy\" decoding=\"async\" src=\"https:\/\/nostalgiband.dk\/wp-content\/uploads\/2022\/11\/NOSTALGI-WEBSITE-2023_BANNER_01-3.jpg\" alt=\"\" class=\"wp-image-106\" width=\"1023\" height=\"233\" srcset=\"https:\/\/nostalgiband.dk\/wp-content\/uploads\/2022\/11\/NOSTALGI-WEBSITE-2023_BANNER_01-3.jpg 875w, https:\/\/nostalgiband.dk\/wp-content\/uploads\/2022\/11\/NOSTALGI-WEBSITE-2023_BANNER_01-3-300x69.jpg 300w, https:\/\/nostalgiband.dk\/wp-content\/uploads\/2022\/11\/NOSTALGI-WEBSITE-2023_BANNER_01-3-768x176.jpg 768w\" sizes=\"auto, (max-width: 1023px) 100vw, 1023px\" \/><\/figure>\n\n\n\n<div class=\"wp-block-buttons is-content-justification-center is-layout-flex wp-container-core-buttons-is-layout-a89b3969 wp-block-buttons-is-layout-flex\"><\/div>\n\n\n\n<h2 class=\"alignwide has-text-align-center wp-block-heading\">ARRANG\u00d8RERNE SIGER<\/h2>\n\n\n\n<blockquote class=\"wp-block-quote is-layout-flow wp-block-quote-is-layout-flow\">\n<p class=\"has-text-align-center\">Vi har rigtigt mange musikelskende (og musikkr\u00e6vende) kollegaer, og blandt alle var der enighed om, at vi havde taget det perfekte valg til vores firmafest. <br>S\u00e5 det m\u00e5 blive til 6 ud af 5 mulige stjerner fra os og en klar anbefaling til alle<br>om at betro musikken til deres n\u00e6ste fest til Claus<\/p>\n<\/blockquote>\n\n\n\n<blockquote class=\"wp-block-quote is-layout-flow wp-block-quote-is-layout-flow\">\n<p class=\"has-text-align-center\">Totalt fantastisk &#8211; I skal helt sikkert spille til vores fest n\u00e6ste fest gang vi holder noget!<\/p>\n<\/blockquote>\n\n\n\n<blockquote class=\"wp-block-quote is-layout-flow wp-block-quote-is-layout-flow\">\n<p class=\"has-text-align-center\">I mestrer et godt og bredt repertoire som fyldte det store dansegulv hele aftenen. <br>Vi ser frem til at f\u00e5 gl\u00e6de af Jeres dejlige dansemusik til vores n\u00e6ste fest<\/p>\n\n\n\n<p class=\"has-text-align-center\">Top professionel afvikling af musikken. Kan varmt anbefales!<\/p>\n<\/blockquote>\n","protected":false},"excerpt":{"rendered":"<p>Booking af NOSTALGI varetages af CH MUSIC, som ogs\u00e5 kan v\u00e6re behj\u00e6lpelig med lyd \/ lyd produktion via vores faste samarbejdspartnere. Skal I bruge yderligere musik eller underholdning s\u00e5som DJ,<a href=\"https:\/\/nostalgiband.dk\/?page_id=92\" class=\"more-link\"><span class=\"readmore\">Continue reading<span class=\"screen-reader-text\">KONTAKT<\/span><\/span><\/a><\/p>\n","protected":false},"author":2,"featured_media":0,"parent":0,"menu_order":0,"comment_status":"closed","ping_status":"closed","template":"","meta":{"footnotes":""},"class_list":["post-92","page","type-page","status-publish","hentry"],"_links":{"self":[{"href":"https:\/\/nostalgiband.dk\/index.php?rest_route=\/wp\/v2\/pages\/92","targetHints":{"allow":["GET"]}}],"collection":[{"href":"https:\/\/nostalgiband.dk\/index.php?rest_route=\/wp\/v2\/pages"}],"about":[{"href":"https:\/\/nostalgiband.dk\/index.php?rest_route=\/wp\/v2\/types\/page"}],"author":[{"embeddable":true,"href":"https:\/\/nostalgiband.dk\/index.php?rest_route=\/wp\/v2\/users\/2"}],"replies":[{"embeddable":true,"href":"https:\/\/nostalgiband.dk\/index.php?rest_route=%2Fwp%2Fv2%2Fcomments&post=92"}],"version-history":[{"count":22,"href":"https:\/\/nostalgiband.dk\/index.php?rest_route=\/wp\/v2\/pages\/92\/revisions"}],"predecessor-version":[{"id":297,"href":"https:\/\/nostalgiband.dk\/index.php?rest_route=\/wp\/v2\/pages\/92\/revisions\/297"}],"wp:attachment":[{"href":"https:\/\/nostalgiband.dk\/index.php?rest_route=%2Fwp%2Fv2%2Fmedia&parent=92"}],"curies":[{"name":"wp","href":"https:\/\/api.w.org\/{rel}","templated":true}]}}